{"id":25,"date":"2010-07-30T03:37:58","date_gmt":"2010-07-30T03:37:58","guid":{"rendered":"http:\/\/lapoc.de\/zblog\/?page_id=25"},"modified":"2011-12-28T13:55:01","modified_gmt":"2011-12-28T13:55:01","slug":"uber-zblog","status":"publish","type":"page","link":"https:\/\/lapoc.de\/zblog\/?page_id=25","title":{"rendered":"\u00dcber Zblog"},"content":{"rendered":"<p>\nIch wollte schon l\u00e4nger eine &#8220;Blog-artige&#8221; Webseite, konnte aber kein System finden, das mir wirklich gefallen h\u00e4tte. Serendipity, WordPress und die vielen CMS mit Blogfunktion: alles zu gro\u00df, zu klein, zu kompliziert etc etc etc. Am besten gef\u00e4llt mir immer noch WordPress und ich schreibe das hier auch im Dashboard.<\/p>\n","protected":false},"excerpt":{"rendered":"<p>Ich wollte schon l\u00e4nger eine &#8220;Blog-artige&#8221; Webseite, konnte aber kein System finden, das mir wirklich gefallen h\u00e4tte. Serendipity, WordPress und die vielen CMS mit Blogfunktion: alles zu gro\u00df, zu klein, zu kompliziert etc etc etc. Am besten gef\u00e4llt mir immer noch WordPress und ich schreibe das hier auch im Dashboard.<\/p>\n","protected":false},"author":1,"featured_media":0,"parent":0,"menu_order":0,"comment_status":"closed","ping_status":"open","template":"","meta":[],"_links":{"self":[{"href":"https:\/\/lapoc.de\/zblog\/index.php?rest_route=\/wp\/v2\/pages\/25"}],"collection":[{"href":"https:\/\/lapoc.de\/zblog\/index.php?rest_route=\/wp\/v2\/pages"}],"about":[{"href":"https:\/\/lapoc.de\/zblog\/index.php?rest_route=\/wp\/v2\/types\/page"}],"author":[{"embeddable":true,"href":"https:\/\/lapoc.de\/zblog\/index.php?rest_route=\/wp\/v2\/users\/1"}],"replies":[{"embeddable":true,"href":"https:\/\/lapoc.de\/zblog\/index.php?rest_route=%2Fwp%2Fv2%2Fcomments&post=25"}],"version-history":[{"count":3,"href":"https:\/\/lapoc.de\/zblog\/index.php?rest_route=\/wp\/v2\/pages\/25\/revisions"}],"predecessor-version":[{"id":113,"href":"https:\/\/lapoc.de\/zblog\/index.php?rest_route=\/wp\/v2\/pages\/25\/revisions\/113"}],"wp:attachment":[{"href":"https:\/\/lapoc.de\/zblog\/index.php?rest_route=%2Fwp%2Fv2%2Fmedia&parent=25"}],"curies":[{"name":"wp","href":"https:\/\/api.w.org\/{rel}","templated":true}]}}